{"id":1246,"date":"2024-07-04T10:14:24","date_gmt":"2024-07-04T02:14:24","guid":{"rendered":"https:\/\/equinoxbali.com\/?page_id=1246"},"modified":"2024-10-23T15:20:22","modified_gmt":"2024-10-23T07:20:22","slug":"legal","status":"publish","type":"page","link":"https:\/\/equinoxbali.com\/en\/legal\/","title":{"rendered":"Mentions l\u00e9gales"},"content":{"rendered":"\t\t<div data-elementor-type=\"wp-page\" data-elementor-id=\"1246\" class=\"elementor elementor-1246\" data-elementor-post-type=\"page\">\n\t\t\t\t<div class=\"elementor-element elementor-element-7596afd e-flex e-con-boxed e-con e-parent\" data-id=\"7596afd\" data-element_type=\"container\" data-settings=\"{&quot;background_background&quot;:&quot;classic&quot;}\">\n\t\t\t\t\t<div class=\"e-con-inner\">\n\t\t\t\t<div class=\"elementor-element elementor-element-1aaedc0 elementor-widget elementor-widget-heading\" data-id=\"1aaedc0\" data-element_type=\"widget\" data-widget_type=\"heading.default\">\n\t\t\t\t<div class=\"elementor-widget-container\">\n\t\t\t<style>\/*! elementor - v3.22.0 - 17-06-2024 *\/\n.elementor-heading-title{padding:0;margin:0;line-height:1}.elementor-widget-heading .elementor-heading-title[class*=elementor-size-]>a{color:inherit;font-size:inherit;line-height:inherit}.elementor-widget-heading .elementor-heading-title.elementor-size-small{font-size:15px}.elementor-widget-heading .elementor-heading-title.elementor-size-medium{font-size:19px}.elementor-widget-heading .elementor-heading-title.elementor-size-large{font-size:29px}.elementor-widget-heading .elementor-heading-title.elementor-size-xl{font-size:39px}.elementor-widget-heading .elementor-heading-title.elementor-size-xxl{font-size:59px}<\/style><h2 class=\"elementor-heading-title elementor-size-default\">Mentions L\u00e9gales<\/h2>\t\t<\/div>\n\t\t\t\t<\/div>\n\t\t\t\t\t<\/div>\n\t\t\t\t<\/div>\n\t\t<div class=\"elementor-element elementor-element-95529bb e-flex e-con-boxed e-con e-parent\" data-id=\"95529bb\" data-element_type=\"container\">\n\t\t\t\t\t<div class=\"e-con-inner\">\n\t\t\t\t<div class=\"elementor-element elementor-element-1b3e32c elementor-widget elementor-widget-spacer\" data-id=\"1b3e32c\" data-element_type=\"widget\" data-widget_type=\"spacer.default\">\n\t\t\t\t<div class=\"elementor-widget-container\">\n\t\t\t<style>\/*! elementor - v3.22.0 - 17-06-2024 *\/\n.elementor-column .elementor-spacer-inner{height:var(--spacer-size)}.e-con{--container-widget-width:100%}.e-con-inner>.elementor-widget-spacer,.e-con>.elementor-widget-spacer{width:var(--container-widget-width,var(--spacer-size));--align-self:var(--container-widget-align-self,initial);--flex-shrink:0}.e-con-inner>.elementor-widget-spacer>.elementor-widget-container,.e-con>.elementor-widget-spacer>.elementor-widget-container{height:100%;width:100%}.e-con-inner>.elementor-widget-spacer>.elementor-widget-container>.elementor-spacer,.e-con>.elementor-widget-spacer>.elementor-widget-container>.elementor-spacer{height:100%}.e-con-inner>.elementor-widget-spacer>.elementor-widget-container>.elementor-spacer>.elementor-spacer-inner,.e-con>.elementor-widget-spacer>.elementor-widget-container>.elementor-spacer>.elementor-spacer-inner{height:var(--container-widget-height,var(--spacer-size))}.e-con-inner>.elementor-widget-spacer.elementor-widget-empty,.e-con>.elementor-widget-spacer.elementor-widget-empty{position:relative;min-height:22px;min-width:22px}.e-con-inner>.elementor-widget-spacer.elementor-widget-empty .elementor-widget-empty-icon,.e-con>.elementor-widget-spacer.elementor-widget-empty .elementor-widget-empty-icon{position:absolute;top:0;bottom:0;left:0;right:0;margin:auto;padding:0;width:22px;height:22px}<\/style>\t\t<div class=\"elementor-spacer\">\n\t\t\t<div class=\"elementor-spacer-inner\"><\/div>\n\t\t<\/div>\n\t\t\t\t<\/div>\n\t\t\t\t<\/div>\n\t\t\t\t\t<\/div>\n\t\t\t\t<\/div>\n\t\t<div class=\"elementor-element elementor-element-21e812a e-flex e-con-boxed e-con e-parent\" data-id=\"21e812a\" data-element_type=\"container\">\n\t\t\t\t\t<div class=\"e-con-inner\">\n\t\t\t\t<div class=\"elementor-element elementor-element-87bc5fa elementor-widget elementor-widget-text-editor\" data-id=\"87bc5fa\" data-element_type=\"widget\" data-widget_type=\"text-editor.default\">\n\t\t\t\t<div class=\"elementor-widget-container\">\n\t\t\t<style>\/*! elementor - v3.22.0 - 17-06-2024 *\/\n.elementor-widget-text-editor.elementor-drop-cap-view-stacked .elementor-drop-cap{background-color:#69727d;color:#fff}.elementor-widget-text-editor.elementor-drop-cap-view-framed .elementor-drop-cap{color:#69727d;border:3px solid;background-color:transparent}.elementor-widget-text-editor:not(.elementor-drop-cap-view-default) .elementor-drop-cap{margin-top:8px}.elementor-widget-text-editor:not(.elementor-drop-cap-view-default) .elementor-drop-cap-letter{width:1em;height:1em}.elementor-widget-text-editor .elementor-drop-cap{float:left;text-align:center;line-height:1;font-size:50px}.elementor-widget-text-editor .elementor-drop-cap-letter{display:inline-block}<\/style>\t\t\t\t<p><b>Equinox Bali<\/b><\/p><p><span style=\"font-weight: 400;\">PT Bali Hijau Abadi<\/span><span style=\"font-weight: 400;\"><br \/><\/span><span style=\"font-weight: 400;\">Jalan Raya Petulu, Ubud, Kecamatan Ubud, <\/span><span style=\"font-weight: 400;\"><br \/><\/span><span style=\"font-weight: 400;\">Kabupaten Gianyar, Bali 80571<\/span><span style=\"font-weight: 400;\"><br \/><\/span><span style=\"font-weight: 400;\">NPWP : 39.568.614.0-907.000<\/span><\/p><h4><b>Propri\u00e9t\u00e9 Intellectuelle<\/b><\/h4><p><span style=\"font-weight: 400;\">Toute reproduction ou distribution non autoris\u00e9e de tout ou partie des \u00e9l\u00e9ments et informations de ce site est interdite. Le contenu est disponible pour un usage priv\u00e9 et non collectif. Le code de la propri\u00e9t\u00e9 intellectuelle n\u2019autorisant, aux termes de l\u2019article L. 122-5.2\u00b0 et 3\u00b0a, d\u2019une part, que les \u00ab copies ou reproductions strictement r\u00e9serv\u00e9es \u00e0 l\u2019usage priv\u00e9 du copiste et non destin\u00e9es \u00e0 une utilisation collective \u00bb et, d\u2019autre part, que les analyses et les courtes citations dans un but d\u2019exemple et d\u2019illustration, \u00ab toute repr\u00e9sentation ou reproduction int\u00e9grale ou partielle faite sans le consentement de l\u2019auteur ou de ses ayants droit ou ayants cause est illicite \u00bb (art. L. 122-4). Cette repr\u00e9sentation ou reproduction, par quelque proc\u00e9d\u00e9 que ce soit, constituerait donc une contrefa\u00e7on sanctionn\u00e9e par les articles L. 335-2 et suivants du code de la propri\u00e9t\u00e9 intellectuelle.<\/span><\/p><h4><b>Informatiques et Libert\u00e9s<\/b><\/h4><p><b>Protection et utilisation des donn\u00e9es<\/b><\/p><p><span style=\"font-weight: 400;\">Les utilisateurs ayant d\u00e9pos\u00e9 dans le site des informations nominatives peuvent demander la communication des informations nominatives les concernant \u00e0 l\u2019administrateur du site et les faire rectifier le cas \u00e9ch\u00e9ant. Ils peuvent exercer ces droits en adressant un courrier \u00e0 :<\/span><\/p><p><span style=\"font-weight: 400;\">Equinox Bali<\/span><span style=\"font-weight: 400;\"><br \/><\/span><span style=\"font-weight: 400;\">PT Bali Hijau Abadi<\/span><span style=\"font-weight: 400;\"><br \/><\/span><span style=\"font-weight: 400;\">Jalan Raya Petulu, Ubud, Kecamatan Ubud, <\/span><span style=\"font-weight: 400;\"><br \/><\/span><span style=\"font-weight: 400;\">Kabupaten Gianyar, Bali 80571I<\/span><\/p><p><span style=\"font-weight: 400;\">Les informations nominatives peuvent \u00eatre utilis\u00e9es par les soci\u00e9t\u00e9s du groupe Equinox Bali pour proposer ses services et\/ou produits et faire conna\u00eetre ceux de ses partenaires. Elles ne seront communiqu\u00e9es aux tiers que pour permettre la gestion des op\u00e9rations ou pour satisfaire aux obligations l\u00e9gales. Chaque utilisateur peut s\u2019y opposer en adressant un courrier \u00e0 l\u2019adresse ci-dessus.<\/span><\/p><h4><b>Marques et Logos, Liens Hypertextes<\/b><\/h4><p><span style=\"font-weight: 400;\">Toute utilisation quelle qu\u2019elle soit des noms de marques et logos de ce site est interdite sans l\u2019autorisation du groupe Equinox Bali. De m\u00eame, tous liens hypertextes visant ce site sont soumis \u00e0 autorisation pr\u00e9alable.<\/span><\/p><p><b>Forme juridique<\/b><span style=\"font-weight: 400;\"> : PT PMA &#8211; Perseroan Terbatas Penanaman Modal Asing<\/span><span style=\"font-weight: 400;\"><br \/><\/span><b>Adresse<\/b><span style=\"font-weight: 400;\"> : Jalan Raya Petulu, Ubud, Kecamatan Ubud, Kabupaten Gianyar, Bali 80571<\/span><span style=\"font-weight: 400;\"><br \/><\/span><b>NPWP<\/b><span style=\"font-weight: 400;\"> : 39.568.614.0-907.000<\/span><\/p><h4><b>H\u00e9bergement<\/b><\/h4><p><span style=\"font-weight: 400;\">H\u00e9bergeur : Hostinger International Ltd<\/span><span style=\"font-weight: 400;\"><br \/><\/span><span style=\"font-weight: 400;\">Adresse : 61 Lordou Vironos Street, 6023 Larnaca, Chypre<\/span><span style=\"font-weight: 400;\"><br \/><\/span><span style=\"font-weight: 400;\">T\u00e9l\u00e9phone : +370 64503378<\/span><\/p><h3><b>Politique de Confidentialit\u00e9<\/b><\/h3><ol><li style=\"font-weight: 400;\" aria-level=\"1\"><b>Collecte de l\u2019information<\/b><b><br \/><\/b><span style=\"font-weight: 400;\">Nous recueillons des informations lorsque vous nous contactez via notre formulaire de contact, lorsque vous naviguez sur notre site, ou lorsque vous effectuez une r\u00e9servation. Les informations recueillies incluent votre nom, votre adresse e-mail, votre num\u00e9ro de t\u00e9l\u00e9phone, etc.<\/span><\/li><li style=\"font-weight: 400;\" aria-level=\"1\"><b>Utilisation des informations<\/b><b><br \/><\/b><span style=\"font-weight: 400;\">Toute les informations que nous recueillons aupr\u00e8s de vous peuvent \u00eatre utilis\u00e9es pour :<\/span><ul><li style=\"font-weight: 400;\" aria-level=\"2\"><span style=\"font-weight: 400;\">Personnaliser votre exp\u00e9rience et r\u00e9pondre \u00e0 vos besoins individuels<\/span><\/li><li style=\"font-weight: 400;\" aria-level=\"2\"><span style=\"font-weight: 400;\">Am\u00e9liorer notre site web<\/span><\/li><li style=\"font-weight: 400;\" aria-level=\"2\"><span style=\"font-weight: 400;\">Am\u00e9liorer le service client et vos besoins de prise en charge<\/span><\/li><li style=\"font-weight: 400;\" aria-level=\"2\"><span style=\"font-weight: 400;\">Vous contacter par e-mail<\/span><\/li><li style=\"font-weight: 400;\" aria-level=\"2\"><span style=\"font-weight: 400;\">Administrer un concours, une promotion, ou une enqu\u00eate<\/span><\/li><\/ul><\/li><li style=\"font-weight: 400;\" aria-level=\"1\"><b>Confidentialit\u00e9 des informations<\/b><b><br \/><\/b><span style=\"font-weight: 400;\">Nous sommes les seuls propri\u00e9taires des informations recueillies sur ce site. Vos informations personnelles ne seront pas vendues, \u00e9chang\u00e9es, transf\u00e9r\u00e9es, ou donn\u00e9es \u00e0 une autre soci\u00e9t\u00e9 pour n\u2019importe quelle raison, sans votre consentement, en dehors de ce qui est n\u00e9cessaire pour r\u00e9pondre \u00e0 une demande et \/ ou une transaction, comme par exemple pour exp\u00e9dier une commande.<\/span><\/li><li style=\"font-weight: 400;\" aria-level=\"1\"><b>Divulgation \u00e0 des tiers<\/b><b><br \/><\/b><span style=\"font-weight: 400;\">Nous ne vendons, n\u2019\u00e9changeons et ne transf\u00e9rons pas vos informations personnelles identifiables \u00e0 des tiers. Cela ne comprend pas les tierce parties de confiance qui nous aident \u00e0 exploiter notre site Web ou \u00e0 mener nos affaires, tant que ces parties conviennent de garder ces informations confidentielles.<\/span><\/li><li style=\"font-weight: 400;\" aria-level=\"1\"><b>Protection des informations<\/b><b><br \/><\/b><span style=\"font-weight: 400;\">Nous mettons en \u0153uvre une vari\u00e9t\u00e9 de mesures de s\u00e9curit\u00e9 pour pr\u00e9server la s\u00e9curit\u00e9 de vos informations personnelles. Nous utilisons un cryptage \u00e0 la pointe de la technologie pour prot\u00e9ger les informations sensibles transmises en ligne. Nous prot\u00e9geons \u00e9galement vos informations hors ligne. Seuls les employ\u00e9s qui ont besoin d\u2019effectuer un travail sp\u00e9cifique (par exemple, la facturation ou le service \u00e0 la client\u00e8le) ont acc\u00e8s aux informations personnelles identifiables. Les ordinateurs et serveurs utilis\u00e9s pour stocker des informations personnelles identifiables sont conserv\u00e9s dans un environnement s\u00e9curis\u00e9.<\/span><\/li><li style=\"font-weight: 400;\" aria-level=\"1\"><b>Utilisation des cookies<\/b><b><br \/><\/b><span style=\"font-weight: 400;\">Nos cookies am\u00e9liorent l\u2019acc\u00e8s \u00e0 notre site et identifient les visiteurs r\u00e9guliers. En outre, nos cookies am\u00e9liorent l\u2019exp\u00e9rience utilisateur gr\u00e2ce au suivi et au ciblage de ses int\u00e9r\u00eats. Cependant, cette utilisation des cookies n\u2019est en aucune fa\u00e7on li\u00e9e \u00e0 des informations personnelles identifiables sur notre site.<\/span><\/li><li style=\"font-weight: 400;\" aria-level=\"1\"><b>Consentement<\/b><b><br \/><\/b><span style=\"font-weight: 400;\">En utilisant notre site, vous consentez \u00e0 notre politique de confidentialit\u00e9.<\/span><\/li><\/ol><h3><b>Politique de Cookies<\/b><\/h3><h4><b>Utilisation des Cookies<\/b><\/h4><p><span style=\"font-weight: 400;\">Nous utilisons des cookies pour am\u00e9liorer l&rsquo;exp\u00e9rience utilisateur sur notre site. Les cookies sont de petits fichiers texte stock\u00e9s sur votre appareil lorsque vous visitez notre site. Ils peuvent \u00eatre utilis\u00e9s par nous ou par des tiers, comme WordPress, pour diverses raisons, y compris la collecte de donn\u00e9es anonymes sur la navigation.<\/span><\/p><h4><b>Types de Cookies Utilis\u00e9s<\/b><\/h4><ol><li style=\"font-weight: 400;\" aria-level=\"1\"><b>Cookies Essentiels<\/b><span style=\"font-weight: 400;\"> : Ces cookies sont n\u00e9cessaires pour le bon fonctionnement du site.<\/span><\/li><li style=\"font-weight: 400;\" aria-level=\"1\"><b>Cookies de Performance<\/b><span style=\"font-weight: 400;\"> : Ces cookies collectent des informations sur la mani\u00e8re dont les visiteurs utilisent le site.<\/span><\/li><li style=\"font-weight: 400;\" aria-level=\"1\"><b>Cookies de Fonctionnalit\u00e9<\/b><span style=\"font-weight: 400;\"> : Ces cookies permettent de se souvenir des choix que vous faites.<\/span><\/li><li style=\"font-weight: 400;\" aria-level=\"1\"><b>Cookies de Tiers<\/b><span style=\"font-weight: 400;\"> : Des tiers, tels que WordPress, Google Analytics, et les plugins de r\u00e9seaux sociaux, peuvent \u00e9galement placer des cookies pour analyser l&rsquo;utilisation du site ou pour proposer des publicit\u00e9s.<\/span><\/li><\/ol><h4><b>Gestion des Cookies<\/b><\/h4><p><span style=\"font-weight: 400;\">Vous pouvez contr\u00f4ler et g\u00e9rer les cookies en utilisant les param\u00e8tres de votre navigateur. Vous pouvez choisir de bloquer ou de supprimer les cookies, mais cela peut affecter votre exp\u00e9rience utilisateur sur notre site.<\/span><\/p><p><span style=\"font-weight: 400;\">Pour plus d&rsquo;informations sur la collecte et l&rsquo;utilisation des donn\u00e9es par WordPress, veuillez consulter leur politique de confidentialit\u00e9 \u00e0 l&rsquo;adresse suivante :<\/span><a href=\"https:\/\/automattic.com\/privacy\/\"> <span style=\"font-weight: 400;\">https:\/\/automattic.com\/privacy\/<\/span><\/a><\/p><h3><b>Conditions G\u00e9n\u00e9rales d&rsquo;Utilisation (CGU)<\/b><\/h3><h4><b>Pr\u00e9ambule<\/b><\/h4><p><span style=\"font-weight: 400;\">Les pr\u00e9sentes Conditions G\u00e9n\u00e9rales d&rsquo;Utilisation (CGU) ont pour objet de d\u00e9finir les modalit\u00e9s et conditions dans lesquelles Equinox Bali (ci-apr\u00e8s \u00ab l\u2019entreprise \u00bb) met \u00e0 disposition de ses utilisateurs le site<\/span><a href=\"http:\/\/www.equinoxbali.com\"> <span style=\"font-weight: 400;\">www.equinoxbali.com<\/span><\/a><span style=\"font-weight: 400;\"> (ci-apr\u00e8s \u00ab le site \u00bb) et les services disponibles sur celui-ci.<\/span><\/p><p><span style=\"font-weight: 400;\">En utilisant le site, vous acceptez pleinement et sans r\u00e9serve les pr\u00e9sentes CGU.<\/span><\/p><h4><b>Acc\u00e8s au site<\/b><\/h4><p><span style=\"font-weight: 400;\">Le site est accessible gratuitement \u00e0 tout utilisateur disposant d&rsquo;un acc\u00e8s \u00e0 Internet. Tous les co\u00fbts aff\u00e9rents \u00e0 l&rsquo;acc\u00e8s au site, que ce soit les frais mat\u00e9riels, logiciels ou d&rsquo;acc\u00e8s \u00e0 Internet, sont exclusivement \u00e0 la charge de l&rsquo;utilisateur. L\u2019utilisateur est seul responsable du bon fonctionnement de son \u00e9quipement informatique ainsi que de son acc\u00e8s \u00e0 Internet.<\/span><\/p><h4><b>Description des services fournis<\/b><\/h4><p><span style=\"font-weight: 400;\">Le site a pour objet de fournir des informations sur les services de conseil et de gestion en ma\u00eetrise d&rsquo;ouvrage propos\u00e9s par l\u2019entreprise. L\u2019entreprise s\u2019efforce de fournir sur le site des informations aussi pr\u00e9cises que possible. Toutefois, elle ne pourra \u00eatre tenue responsable des oublis, des inexactitudes et des carences dans la mise \u00e0 jour.<\/span><\/p><h4><b>Limitation de responsabilit\u00e9<\/b><\/h4><p><span style=\"font-weight: 400;\">L\u2019entreprise ne pourra \u00eatre tenue responsable des dommages directs et indirects caus\u00e9s au mat\u00e9riel de l\u2019utilisateur, lors de l\u2019acc\u00e8s au site<\/span><a href=\"http:\/\/www.equinoxbali.com\"> <span style=\"font-weight: 400;\">www.equinoxbali.com<\/span><\/a><span style=\"font-weight: 400;\">, et r\u00e9sultant soit de l\u2019utilisation d\u2019un mat\u00e9riel ne r\u00e9pondant pas aux sp\u00e9cifications indiqu\u00e9es au point pr\u00e9c\u00e9dent, soit de l\u2019apparition d\u2019un bug ou d\u2019une incompatibilit\u00e9.<\/span><\/p><p><span style=\"font-weight: 400;\">L\u2019entreprise ne pourra \u00e9galement \u00eatre tenue responsable des dommages indirects (tels par exemple qu\u2019une perte de march\u00e9 ou perte d\u2019une chance) cons\u00e9cutifs \u00e0 l\u2019utilisation du site.<\/span><\/p><h4><b>Propri\u00e9t\u00e9 intellectuelle<\/b><\/h4><p><span style=\"font-weight: 400;\">L\u2019ensemble des \u00e9l\u00e9ments constituant le site (textes, graphismes, images, vid\u00e9os, etc.) sont prot\u00e9g\u00e9s par les lois en vigueur sur la propri\u00e9t\u00e9 intellectuelle et appartiennent \u00e0 l\u2019entreprise. Toute reproduction, repr\u00e9sentation, modification, publication, adaptation de tout ou partie des \u00e9l\u00e9ments du site, quel que soit le moyen ou le proc\u00e9d\u00e9 utilis\u00e9, est interdite, sauf autorisation \u00e9crite pr\u00e9alable de l\u2019entreprise.<\/span><\/p><h4><b>Gestion des donn\u00e9es personnelles<\/b><\/h4><p><span style=\"font-weight: 400;\">Les informations recueillies sur le site sont enregistr\u00e9es dans un fichier informatis\u00e9 par l\u2019entreprise pour la gestion de sa client\u00e8le. Elles sont conserv\u00e9es pendant 3 ans et sont destin\u00e9es au service marketing et au service commercial \u00e9tablis en dehors de l&rsquo;Union Europ\u00e9enne. Conform\u00e9ment \u00e0 la loi \u00ab informatique et libert\u00e9s \u00bb, vous pouvez exercer votre droit d&rsquo;acc\u00e8s aux donn\u00e9es vous concernant et les faire rectifier en contactant l\u2019entreprise \u00e0 l\u2019adresse info@equinoxbali.com.<\/span><\/p><h4><b>Utilisation des cookies<\/b><\/h4><p><span style=\"font-weight: 400;\">Le site peut \u00eatre amen\u00e9 \u00e0 vous demander l&rsquo;acceptation des cookies pour des besoins de statistiques et d&rsquo;affichage. Un cookie est une information d\u00e9pos\u00e9e sur votre disque dur par le serveur du site que vous visitez. Il contient plusieurs donn\u00e9es qui sont stock\u00e9es sur votre ordinateur dans un simple fichier texte auquel un serveur acc\u00e8de pour lire et enregistrer des informations. Certaines parties de ce site ne peuvent \u00eatre fonctionnelles sans l\u2019acceptation de cookies.<\/span><\/p><h4><b>Liens hypertextes<\/b><\/h4><p><span style=\"font-weight: 400;\">Le site<\/span><a href=\"http:\/\/www.equinoxbali.com\"> <span style=\"font-weight: 400;\">www.equinoxbali.com<\/span><\/a><span style=\"font-weight: 400;\"> peut contenir des liens hypertextes vers d\u2019autres sites pr\u00e9sents sur le r\u00e9seau Internet. Les liens vers ces autres ressources vous font quitter le site<\/span><a href=\"http:\/\/www.equinoxbali.com\"> <span style=\"font-weight: 400;\">www.equinoxbali.com<\/span><\/a><span style=\"font-weight: 400;\">. Il est possible de cr\u00e9er un lien vers la page de pr\u00e9sentation de ce site sans autorisation expresse de l\u2019entreprise. Aucune autorisation ou demande d\u2019information pr\u00e9alable ne peut \u00eatre exig\u00e9e par l\u2019\u00e9diteur \u00e0 l\u2019\u00e9gard d\u2019un site qui souhaite \u00e9tablir un lien vers le site de l\u2019\u00e9diteur. Toutefois, l\u2019entreprise se r\u00e9serve le droit de demander la suppression d\u2019un lien qu\u2019elle estime non conforme \u00e0 l\u2019objet du site<\/span><a href=\"http:\/\/www.equinoxbali.com\"> <span style=\"font-weight: 400;\">www.equinoxbali.com<\/span><\/a><span style=\"font-weight: 400;\">.<\/span><\/p><h4><b>Modification des CGU<\/b><\/h4><p><span style=\"font-weight: 400;\">L\u2019entreprise se r\u00e9serve le droit de modifier, \u00e0 tout moment et sans pr\u00e9avis, les pr\u00e9sentes conditions afin de les adapter aux \u00e9volutions du site et\/ou de son exploitation. L\u2019utilisateur est invit\u00e9 \u00e0 consulter r\u00e9guli\u00e8rement les CGU afin de prendre connaissance de ces modifications.<\/span><\/p><h4><b>Droit applicable et attribution de juridiction<\/b><\/h4><p><span style=\"font-weight: 400;\">Tout litige en relation avec l\u2019utilisation du site<\/span><a href=\"http:\/\/www.equinoxbali.com\"> <span style=\"font-weight: 400;\">www.equinoxbali.com<\/span><\/a><span style=\"font-weight: 400;\"> est soumis au droit indon\u00e9sien. Il est fait attribution exclusive de juridiction aux tribunaux comp\u00e9tents de Bali.<\/span><\/p><h4><b>Contact<\/b><\/h4><p><span style=\"font-weight: 400;\">Pour toute question relative aux pr\u00e9sentes conditions d&rsquo;utilisation du site, vous pouvez nous \u00e9crire \u00e0 l\u2019adresse suivante :<\/span><\/p><p dir=\"ltr\" style=\"line-height: 1.38; margin-top: 12pt; margin-bottom: 12pt;\"><span style=\"font-weight: 400;\">Equinox Bali<\/span><span style=\"font-weight: 400;\"><br \/><\/span><span style=\"font-weight: 400;\">PT Bali Hijau Abadi<\/span><span style=\"font-weight: 400;\"><br \/><\/span><span style=\"font-weight: 400;\">Jalan Raya Petulu, Ubud, Kecamatan Ubud, <\/span><span style=\"font-weight: 400;\"><br \/><\/span><span style=\"font-weight: 400;\">Kabupaten Gianyar, Bali 80571<\/span><\/p>\t\t\t\t\t\t<\/div>\n\t\t\t\t<\/div>\n\t\t\t\t\t<\/div>\n\t\t\t\t<\/div>\n\t\t\t\t<\/div>\n\t\t","protected":false},"excerpt":{"rendered":"<p>Mentions L\u00e9gales Equinox Bali PT Bali Hijau AbadiJalan Raya Petulu, Ubud, Kecamatan Ubud, Kabupaten Gianyar, Bali 80571NPWP : 39.568.614.0-907.000 Propri\u00e9t\u00e9 Intellectuelle Toute reproduction ou distribution non autoris\u00e9e de tout ou partie des \u00e9l\u00e9ments et informations de ce site est interdite. Le contenu est disponible pour un usage priv\u00e9 et non collectif. Le code de la [&hellip;]<\/p>\n","protected":false},"author":4,"featured_media":0,"parent":0,"menu_order":0,"comment_status":"closed","ping_status":"closed","template":"","meta":{"inline_featured_image":false,"footnotes":""},"class_list":["post-1246","page","type-page","status-publish","hentry"],"_links":{"self":[{"href":"https:\/\/equinoxbali.com\/en\/wp-json\/wp\/v2\/pages\/1246","targetHints":{"allow":["GET"]}}],"collection":[{"href":"https:\/\/equinoxbali.com\/en\/wp-json\/wp\/v2\/pages"}],"about":[{"href":"https:\/\/equinoxbali.com\/en\/wp-json\/wp\/v2\/types\/page"}],"author":[{"embeddable":true,"href":"https:\/\/equinoxbali.com\/en\/wp-json\/wp\/v2\/users\/4"}],"replies":[{"embeddable":true,"href":"https:\/\/equinoxbali.com\/en\/wp-json\/wp\/v2\/comments?post=1246"}],"version-history":[{"count":20,"href":"https:\/\/equinoxbali.com\/en\/wp-json\/wp\/v2\/pages\/1246\/revisions"}],"predecessor-version":[{"id":1548,"href":"https:\/\/equinoxbali.com\/en\/wp-json\/wp\/v2\/pages\/1246\/revisions\/1548"}],"wp:attachment":[{"href":"https:\/\/equinoxbali.com\/en\/wp-json\/wp\/v2\/media?parent=1246"}],"curies":[{"name":"wp","href":"https:\/\/api.w.org\/{rel}","templated":true}]}}